{"id":2494,"date":"2024-01-15T15:06:53","date_gmt":"2024-01-15T14:06:53","guid":{"rendered":"https:\/\/eamsrl.it\/recherche-et-developpement\/"},"modified":"2024-05-07T17:45:32","modified_gmt":"2024-05-07T15:45:32","slug":"recherche-et-developpement","status":"publish","type":"page","link":"https:\/\/eamsrl.it\/fr\/recherche-et-developpement\/","title":{"rendered":"Recherche et D\u00e9veloppement"},"content":{"rendered":"\t\t<div data-elementor-type=\"wp-page\" data-elementor-id=\"2494\" class=\"elementor elementor-2494 elementor-582\" data-elementor-post-type=\"page\">\n\t\t\t\t<div class=\"elementor-element elementor-element-9b662f0 e-flex e-con-boxed e-con e-parent\" data-id=\"9b662f0\" data-element_type=\"container\" data-settings=\"{&quot;background_background&quot;:&quot;classic&quot;}\">\n\t\t\t\t\t<div class=\"e-con-inner\">\n\t\t\t\t<div class=\"elementor-element elementor-element-b7766be elementor-widget elementor-widget-heading\" data-id=\"b7766be\" data-element_type=\"widget\" data-widget_type=\"heading.default\">\n\t\t\t\t<div class=\"elementor-widget-container\">\n\t\t\t<style>\/*! elementor - v3.21.0 - 15-04-2024 *\/\n.elementor-heading-title{padding:0;margin:0;line-height:1}.elementor-widget-heading .elementor-heading-title[class*=elementor-size-]>a{color:inherit;font-size:inherit;line-height:inherit}.elementor-widget-heading .elementor-heading-title.elementor-size-small{font-size:15px}.elementor-widget-heading .elementor-heading-title.elementor-size-medium{font-size:19px}.elementor-widget-heading .elementor-heading-title.elementor-size-large{font-size:29px}.elementor-widget-heading .elementor-heading-title.elementor-size-xl{font-size:39px}.elementor-widget-heading .elementor-heading-title.elementor-size-xxl{font-size:59px}<\/style><h1 class=\"elementor-heading-title elementor-size-default\">Recherche et D\u00e9veloppement<\/h1>\t\t<\/div>\n\t\t\t\t<\/div>\n\t\t\t\t<div class=\"elementor-element elementor-element-486480c elementor-widget elementor-widget-heading\" data-id=\"486480c\" data-element_type=\"widget\" data-widget_type=\"heading.default\">\n\t\t\t\t<div class=\"elementor-widget-container\">\n\t\t\t<h2 class=\"elementor-heading-title elementor-size-default\">NOUS FAVORISONS L'INNOVATION EN MATI\u00c8RE DE TRAITEMENT\nD'ACCESSOIRES DE MODE<\/h2>\t\t<\/div>\n\t\t\t\t<\/div>\n\t\t\t\t\t<\/div>\n\t\t\t\t<\/div>\n\t\t<div class=\"elementor-element elementor-element-fabcd77 e-flex e-con-boxed e-con e-parent\" data-id=\"fabcd77\" data-element_type=\"container\">\n\t\t\t\t\t<div class=\"e-con-inner\">\n\t\t\t\t<div class=\"elementor-element elementor-element-e20b282 elementor-widget elementor-widget-text-editor\" data-id=\"e20b282\" data-element_type=\"widget\" data-widget_type=\"text-editor.default\">\n\t\t\t\t<div class=\"elementor-widget-container\">\n\t\t\t<style>\/*! elementor - v3.21.0 - 15-04-2024 *\/\n.elementor-widget-text-editor.elementor-drop-cap-view-stacked .elementor-drop-cap{background-color:#69727d;color:#fff}.elementor-widget-text-editor.elementor-drop-cap-view-framed .elementor-drop-cap{color:#69727d;border:3px solid;background-color:transparent}.elementor-widget-text-editor:not(.elementor-drop-cap-view-default) .elementor-drop-cap{margin-top:8px}.elementor-widget-text-editor:not(.elementor-drop-cap-view-default) .elementor-drop-cap-letter{width:1em;height:1em}.elementor-widget-text-editor .elementor-drop-cap{float:left;text-align:center;line-height:1;font-size:50px}.elementor-widget-text-editor .elementor-drop-cap-letter{display:inline-block}<\/style>\t\t\t\t<p>En collaboration avec nos clients et partenaires, nous nous effor\u00e7ons d&rsquo;am\u00e9liorer la tra\u00e7abilit\u00e9 des diff\u00e9rentes \u00e9tapes de traitement des accessoires m\u00e9talliques afin de r\u00e9pondre aux normes de qualit\u00e9 requises.<\/p>\n<p>Nous analysons soigneusement les mat\u00e9riaux utilis\u00e9s dans la production des accessoires et leur \u00e9tat, nous cartographions chaque \u00e9tape de traitement et ses param\u00e8tres.<\/p>\n<p>Cela nous permet d&rsquo;identifier les meilleures solutions pour standardiser les processus et garantir des niveaux de qualit\u00e9 toujours meilleurs, reproductibles et durables.<\/p>\n\t\t\t\t\t\t<\/div>\n\t\t\t\t<\/div>\n\t\t\t\t\t<\/div>\n\t\t\t\t<\/div>\n\t\t<div class=\"elementor-element elementor-element-1d33559 e-flex e-con-boxed e-con e-parent\" data-id=\"1d33559\" data-element_type=\"container\">\n\t\t\t\t\t<div class=\"e-con-inner\">\n\t\t\t\t<div class=\"elementor-element elementor-element-97ef370 elementor-widget elementor-widget-heading\" data-id=\"97ef370\" data-element_type=\"widget\" data-widget_type=\"heading.default\">\n\t\t\t\t<div class=\"elementor-widget-container\">\n\t\t\t<div class=\"elementor-heading-title elementor-size-default\">Vous avez besoin d'une consultation?<\/div>\t\t<\/div>\n\t\t\t\t<\/div>\n\t\t\t\t<div class=\"elementor-element elementor-element-1eebc52 elementor-button-align-center elementor-widget elementor-widget-global elementor-global-2571 elementor-global-530 elementor-widget-form\" data-id=\"1eebc52\" data-element_type=\"widget\" data-settings=\"{&quot;step_next_label&quot;:&quot;Suivant&quot;,&quot;step_previous_label&quot;:&quot;Pr\\u00e9c\\u00e9dent&quot;,&quot;button_width&quot;:&quot;100&quot;,&quot;step_type&quot;:&quot;number_text&quot;,&quot;step_icon_shape&quot;:&quot;circle&quot;}\" data-widget_type=\"form.default\">\n\t\t\t\t<div class=\"elementor-widget-container\">\n\t\t\t<style>\/*! elementor-pro - v3.21.0 - 15-04-2024 *\/\n.elementor-button.elementor-hidden,.elementor-hidden{display:none}.e-form__step{width:100%}.e-form__step:not(.elementor-hidden){display:flex;flex-wrap:wrap}.e-form__buttons{flex-wrap:wrap}.e-form__buttons,.e-form__buttons__wrapper{display:flex}.e-form__indicators{display:flex;justify-content:space-between;align-items:center;flex-wrap:nowrap;font-size:13px;margin-bottom:var(--e-form-steps-indicators-spacing)}.e-form__indicators__indicator{display:flex;flex-direction:column;align-items:center;justify-content:center;flex-basis:0;padding:0 var(--e-form-steps-divider-gap)}.e-form__indicators__indicator__progress{width:100%;position:relative;background-color:var(--e-form-steps-indicator-progress-background-color);border-radius:var(--e-form-steps-indicator-progress-border-radius);overflow:hidden}.e-form__indicators__indicator__progress__meter{width:var(--e-form-steps-indicator-progress-meter-width,0);height:var(--e-form-steps-indicator-progress-height);line-height:var(--e-form-steps-indicator-progress-height);padding-right:15px;border-radius:var(--e-form-steps-indicator-progress-border-radius);background-color:var(--e-form-steps-indicator-progress-color);color:var(--e-form-steps-indicator-progress-meter-color);text-align:right;transition:width .1s linear}.e-form__indicators__indicator:first-child{padding-left:0}.e-form__indicators__indicator:last-child{padding-right:0}.e-form__indicators__indicator--state-inactive{color:var(--e-form-steps-indicator-inactive-primary-color,#c2cbd2)}.e-form__indicators__indicator--state-inactive [class*=indicator--shape-]:not(.e-form__indicators__indicator--shape-none){background-color:var(--e-form-steps-indicator-inactive-secondary-color,#fff)}.e-form__indicators__indicator--state-inactive object,.e-form__indicators__indicator--state-inactive svg{fill:var(--e-form-steps-indicator-inactive-primary-color,#c2cbd2)}.e-form__indicators__indicator--state-active{color:var(--e-form-steps-indicator-active-primary-color,#39b54a);border-color:var(--e-form-steps-indicator-active-secondary-color,#fff)}.e-form__indicators__indicator--state-active [class*=indicator--shape-]:not(.e-form__indicators__indicator--shape-none){background-color:var(--e-form-steps-indicator-active-secondary-color,#fff)}.e-form__indicators__indicator--state-active object,.e-form__indicators__indicator--state-active svg{fill:var(--e-form-steps-indicator-active-primary-color,#39b54a)}.e-form__indicators__indicator--state-completed{color:var(--e-form-steps-indicator-completed-secondary-color,#fff)}.e-form__indicators__indicator--state-completed [class*=indicator--shape-]:not(.e-form__indicators__indicator--shape-none){background-color:var(--e-form-steps-indicator-completed-primary-color,#39b54a)}.e-form__indicators__indicator--state-completed .e-form__indicators__indicator__label{color:var(--e-form-steps-indicator-completed-primary-color,#39b54a)}.e-form__indicators__indicator--state-completed .e-form__indicators__indicator--shape-none{color:var(--e-form-steps-indicator-completed-primary-color,#39b54a);background-color:initial}.e-form__indicators__indicator--state-completed object,.e-form__indicators__indicator--state-completed svg{fill:var(--e-form-steps-indicator-completed-secondary-color,#fff)}.e-form__indicators__indicator__icon{width:var(--e-form-steps-indicator-padding,30px);height:var(--e-form-steps-indicator-padding,30px);font-size:var(--e-form-steps-indicator-icon-size);border-width:1px;border-style:solid;display:flex;justify-content:center;align-items:center;overflow:hidden;margin-bottom:10px}.e-form__indicators__indicator__icon img,.e-form__indicators__indicator__icon object,.e-form__indicators__indicator__icon svg{width:var(--e-form-steps-indicator-icon-size);height:auto}.e-form__indicators__indicator__icon .e-font-icon-svg{height:1em}.e-form__indicators__indicator__number{width:var(--e-form-steps-indicator-padding,30px);height:var(--e-form-steps-indicator-padding,30px);border-width:1px;border-style:solid;display:flex;justify-content:center;align-items:center;margin-bottom:10px}.e-form__indicators__indicator--shape-circle{border-radius:50%}.e-form__indicators__indicator--shape-square{border-radius:0}.e-form__indicators__indicator--shape-rounded{border-radius:5px}.e-form__indicators__indicator--shape-none{border:0}.e-form__indicators__indicator__label{text-align:center}.e-form__indicators__indicator__separator{width:100%;height:var(--e-form-steps-divider-width);background-color:#babfc5}.e-form__indicators--type-icon,.e-form__indicators--type-icon_text,.e-form__indicators--type-number,.e-form__indicators--type-number_text{align-items:flex-start}.e-form__indicators--type-icon .e-form__indicators__indicator__separator,.e-form__indicators--type-icon_text .e-form__indicators__indicator__separator,.e-form__indicators--type-number .e-form__indicators__indicator__separator,.e-form__indicators--type-number_text .e-form__indicators__indicator__separator{margin-top:calc(var(--e-form-steps-indicator-padding, 30px) \/ 2 - var(--e-form-steps-divider-width, 1px) \/ 2)}.elementor-field-type-hidden{display:none}.elementor-field-type-html{display:inline-block}.elementor-field-type-tel input{direction:inherit}.elementor-login .elementor-lost-password,.elementor-login .elementor-remember-me{font-size:.85em}.elementor-field-type-recaptcha_v3 .elementor-field-label{display:none}.elementor-field-type-recaptcha_v3 .grecaptcha-badge{z-index:1}.elementor-button .elementor-form-spinner{order:3}.elementor-form .elementor-button>span{display:flex;justify-content:center;align-items:center}.elementor-form .elementor-button .elementor-button-text{white-space:normal;flex-grow:0}.elementor-form .elementor-button svg{height:auto}.elementor-form .elementor-button .e-font-icon-svg{height:1em}.elementor-select-wrapper .select-caret-down-wrapper{position:absolute;top:50%;transform:translateY(-50%);inset-inline-end:10px;pointer-events:none;font-size:11px}.elementor-select-wrapper .select-caret-down-wrapper svg{display:unset;width:1em;aspect-ratio:unset;fill:currentColor}.elementor-select-wrapper .select-caret-down-wrapper i{font-size:19px;line-height:2}.elementor-select-wrapper.remove-before:before{content:\"\"!important}<\/style>\t\t<form class=\"elementor-form\" method=\"post\" name=\"Nouveau module\">\n\t\t\t<input type=\"hidden\" name=\"post_id\" value=\"2494\"\/>\n\t\t\t<input type=\"hidden\" name=\"form_id\" value=\"1eebc52\"\/>\n\t\t\t<input type=\"hidden\" name=\"referer_title\" value=\"Eam Srl\" \/>\n\n\t\t\t\n\t\t\t<div class=\"elementor-form-fields-wrapper elementor-labels-above\">\n\t\t\t\t\t\t\t\t<div class=\"elementor-field-type-text elementor-field-group elementor-column elementor-field-group-name elementor-col-100 elementor-field-required\">\n\t\t\t\t\t\t\t\t\t\t\t\t\t<input size=\"1\" type=\"text\" name=\"form_fields[name]\" id=\"form-field-name\" class=\"elementor-field elementor-size-sm  elementor-field-textual\" placeholder=\"Nom\" required=\"required\" aria-required=\"true\">\n\t\t\t\t\t\t\t\t\t\t\t<\/div>\n\t\t\t\t\t\t\t\t<div class=\"elementor-field-type-text elementor-field-group elementor-column elementor-field-group-field_26a98e2 elementor-col-100 elementor-field-required\">\n\t\t\t\t\t\t\t\t\t\t\t\t\t<input size=\"1\" type=\"text\" name=\"form_fields[field_26a98e2]\" id=\"form-field-field_26a98e2\" class=\"elementor-field elementor-size-sm  elementor-field-textual\" placeholder=\"Entreprise\" required=\"required\" aria-required=\"true\">\n\t\t\t\t\t\t\t\t\t\t\t<\/div>\n\t\t\t\t\t\t\t\t<div class=\"elementor-field-type-email elementor-field-group elementor-column elementor-field-group-email elementor-col-100 elementor-field-required\">\n\t\t\t\t\t\t\t\t\t\t\t\t\t<input size=\"1\" type=\"email\" name=\"form_fields[email]\" id=\"form-field-email\" class=\"elementor-field elementor-size-sm  elementor-field-textual\" placeholder=\"Email\" required=\"required\" aria-required=\"true\">\n\t\t\t\t\t\t\t\t\t\t\t<\/div>\n\t\t\t\t\t\t\t\t<div class=\"elementor-field-type-textarea elementor-field-group elementor-column elementor-field-group-message elementor-col-100\">\n\t\t\t\t\t<textarea class=\"elementor-field-textual elementor-field  elementor-size-sm\" name=\"form_fields[message]\" id=\"form-field-message\" rows=\"4\" placeholder=\"Message\"><\/textarea>\t\t\t\t<\/div>\n\t\t\t\t\t\t\t\t<div class=\"elementor-field-type-acceptance elementor-field-group elementor-column elementor-field-group-field_2364c98 elementor-col-100 elementor-field-required\">\n\t\t\t\t\t\t\t<div class=\"elementor-field-subgroup\">\n\t\t\t<span class=\"elementor-field-option\">\n\t\t\t\t<input type=\"checkbox\" name=\"form_fields[field_2364c98]\" id=\"form-field-field_2364c98\" class=\"elementor-field elementor-size-sm  elementor-acceptance-field\" required=\"required\" aria-required=\"true\">\n\t\t\t\t<label for=\"form-field-field_2364c98\">Je confirme avoir lu la politique de confidentialit\u00e9 et consentir au traitement des donn\u00e9es personnelles conform\u00e9ment \u00e0 l'art. 12 et suivants du R\u00e8glement UE 679\/2016<\/label>\t\t\t<\/span>\n\t\t<\/div>\n\t\t\t\t\t\t<\/div>\n\t\t\t\t\t\t\t\t<div class=\"elementor-field-group elementor-column elementor-field-type-submit elementor-col-100 e-form__buttons\">\n\t\t\t\t\t<button type=\"submit\" class=\"elementor-button elementor-size-sm\">\n\t\t\t\t\t\t<span >\n\t\t\t\t\t\t\t\t\t\t\t\t\t\t\t<span class=\" elementor-button-icon\">\n\t\t\t\t\t\t\t\t\t\t\t\t\t\t\t\t\t\t\t\t\t\t\t\t\t\t<\/span>\n\t\t\t\t\t\t\t\t\t\t\t\t\t\t\t\t\t\t\t\t\t\t<span class=\"elementor-button-text\">soumettre<\/span>\n\t\t\t\t\t\t\t\t\t\t\t\t\t<\/span>\n\t\t\t\t\t<\/button>\n\t\t\t\t<\/div>\n\t\t\t<\/div>\n\t\t<\/form>\n\t\t\t\t<\/div>\n\t\t\t\t<\/div>\n\t\t\t\t\t<\/div>\n\t\t\t\t<\/div>\n\t\t\t\t<\/div>\n\t\t","protected":false},"excerpt":{"rendered":"<p>Recherche et D\u00e9veloppement NOUS FAVORISONS L&rsquo;INNOVATION EN MATI\u00c8RE DE TRAITEMENT D&rsquo;ACCESSOIRES DE MODE En collaboration avec nos clients et partenaires, nous nous effor\u00e7ons d&rsquo;am\u00e9liorer la tra\u00e7abilit\u00e9 des diff\u00e9rentes \u00e9tapes de traitement des accessoires m\u00e9talliques afin de r\u00e9pondre aux normes de qualit\u00e9 requises. Nous analysons soigneusement les mat\u00e9riaux utilis\u00e9s dans la production des accessoires et leur [&hellip;]<\/p>\n","protected":false},"author":2,"featured_media":0,"parent":0,"menu_order":0,"comment_status":"closed","ping_status":"closed","template":"","meta":{"footnotes":""},"class_list":["post-2494","page","type-page","status-publish","hentry"],"yoast_head":"<!-- This site is optimized with the Yoast SEO plugin v22.5 - https:\/\/yoast.com\/wordpress\/plugins\/seo\/ -->\n<title>Recherche et D\u00e9veloppement - Eam Srl<\/title>\n<meta name=\"robots\" content=\"index, follow, max-snippet:-1, max-image-preview:large, max-video-preview:-1\" \/>\n<link rel=\"canonical\" href=\"https:\/\/eamsrl.it\/fr\/recherche-et-developpement\/\" \/>\n<meta property=\"og:locale\" content=\"fr_FR\" \/>\n<meta property=\"og:type\" content=\"article\" \/>\n<meta property=\"og:title\" content=\"Recherche et D\u00e9veloppement - Eam Srl\" \/>\n<meta property=\"og:description\" content=\"Recherche et D\u00e9veloppement NOUS FAVORISONS L&rsquo;INNOVATION EN MATI\u00c8RE DE TRAITEMENT D&rsquo;ACCESSOIRES DE MODE En collaboration avec nos clients et partenaires, nous nous effor\u00e7ons d&rsquo;am\u00e9liorer la tra\u00e7abilit\u00e9 des diff\u00e9rentes \u00e9tapes de traitement des accessoires m\u00e9talliques afin de r\u00e9pondre aux normes de qualit\u00e9 requises. Nous analysons soigneusement les mat\u00e9riaux utilis\u00e9s dans la production des accessoires et leur [&hellip;]\" \/>\n<meta property=\"og:url\" content=\"https:\/\/eamsrl.it\/fr\/recherche-et-developpement\/\" \/>\n<meta property=\"og:site_name\" content=\"Eam Srl\" \/>\n<meta property=\"article:publisher\" content=\"https:\/\/www.linkedin.com\/company\/eam-lucidatura-metalli\/\" \/>\n<meta property=\"article:modified_time\" content=\"2024-05-07T15:45:32+00:00\" \/>\n<meta name=\"twitter:card\" content=\"summary_large_image\" \/>\n<meta name=\"twitter:label1\" content=\"Dur\u00e9e de lecture estim\u00e9e\" \/>\n\t<meta name=\"twitter:data1\" content=\"1 minute\" \/>\n<script type=\"application\/ld+json\" class=\"yoast-schema-graph\">{\"@context\":\"https:\/\/schema.org\",\"@graph\":[{\"@type\":\"WebPage\",\"@id\":\"https:\/\/eamsrl.it\/fr\/recherche-et-developpement\/\",\"url\":\"https:\/\/eamsrl.it\/fr\/recherche-et-developpement\/\",\"name\":\"Recherche et D\u00e9veloppement - Eam Srl\",\"isPartOf\":{\"@id\":\"https:\/\/eamsrl.it\/#website\"},\"datePublished\":\"2024-01-15T14:06:53+00:00\",\"dateModified\":\"2024-05-07T15:45:32+00:00\",\"breadcrumb\":{\"@id\":\"https:\/\/eamsrl.it\/fr\/recherche-et-developpement\/#breadcrumb\"},\"inLanguage\":\"fr-FR\",\"potentialAction\":[{\"@type\":\"ReadAction\",\"target\":[\"https:\/\/eamsrl.it\/fr\/recherche-et-developpement\/\"]}]},{\"@type\":\"BreadcrumbList\",\"@id\":\"https:\/\/eamsrl.it\/fr\/recherche-et-developpement\/#breadcrumb\",\"itemListElement\":[{\"@type\":\"ListItem\",\"position\":1,\"name\":\"Home\",\"item\":\"https:\/\/eamsrl.it\/fr\/page-daccueil\/\"},{\"@type\":\"ListItem\",\"position\":2,\"name\":\"Recherche et D\u00e9veloppement\"}]},{\"@type\":\"WebSite\",\"@id\":\"https:\/\/eamsrl.it\/#website\",\"url\":\"https:\/\/eamsrl.it\/\",\"name\":\"Eam Srl\",\"description\":\"Beyond the Polishing\",\"publisher\":{\"@id\":\"https:\/\/eamsrl.it\/#organization\"},\"potentialAction\":[{\"@type\":\"SearchAction\",\"target\":{\"@type\":\"EntryPoint\",\"urlTemplate\":\"https:\/\/eamsrl.it\/?s={search_term_string}\"},\"query-input\":\"required name=search_term_string\"}],\"inLanguage\":\"fr-FR\"},{\"@type\":\"Organization\",\"@id\":\"https:\/\/eamsrl.it\/#organization\",\"name\":\"Eam Srl\",\"url\":\"https:\/\/eamsrl.it\/\",\"logo\":{\"@type\":\"ImageObject\",\"inLanguage\":\"fr-FR\",\"@id\":\"https:\/\/eamsrl.it\/#\/schema\/logo\/image\/\",\"url\":\"https:\/\/eamsrl.it\/wp-content\/uploads\/2023\/10\/eam-logo.png\",\"contentUrl\":\"https:\/\/eamsrl.it\/wp-content\/uploads\/2023\/10\/eam-logo.png\",\"width\":500,\"height\":213,\"caption\":\"Eam Srl\"},\"image\":{\"@id\":\"https:\/\/eamsrl.it\/#\/schema\/logo\/image\/\"},\"sameAs\":[\"https:\/\/www.linkedin.com\/company\/eam-lucidatura-metalli\/\"]}]}<\/script>\n<!-- \/ Yoast SEO plugin. -->","yoast_head_json":{"title":"Recherche et D\u00e9veloppement - Eam Srl","robots":{"index":"index","follow":"follow","max-snippet":"max-snippet:-1","max-image-preview":"max-image-preview:large","max-video-preview":"max-video-preview:-1"},"canonical":"https:\/\/eamsrl.it\/fr\/recherche-et-developpement\/","og_locale":"fr_FR","og_type":"article","og_title":"Recherche et D\u00e9veloppement - Eam Srl","og_description":"Recherche et D\u00e9veloppement NOUS FAVORISONS L&rsquo;INNOVATION EN MATI\u00c8RE DE TRAITEMENT D&rsquo;ACCESSOIRES DE MODE En collaboration avec nos clients et partenaires, nous nous effor\u00e7ons d&rsquo;am\u00e9liorer la tra\u00e7abilit\u00e9 des diff\u00e9rentes \u00e9tapes de traitement des accessoires m\u00e9talliques afin de r\u00e9pondre aux normes de qualit\u00e9 requises. Nous analysons soigneusement les mat\u00e9riaux utilis\u00e9s dans la production des accessoires et leur [&hellip;]","og_url":"https:\/\/eamsrl.it\/fr\/recherche-et-developpement\/","og_site_name":"Eam Srl","article_publisher":"https:\/\/www.linkedin.com\/company\/eam-lucidatura-metalli\/","article_modified_time":"2024-05-07T15:45:32+00:00","twitter_card":"summary_large_image","twitter_misc":{"Dur\u00e9e de lecture estim\u00e9e":"1 minute"},"schema":{"@context":"https:\/\/schema.org","@graph":[{"@type":"WebPage","@id":"https:\/\/eamsrl.it\/fr\/recherche-et-developpement\/","url":"https:\/\/eamsrl.it\/fr\/recherche-et-developpement\/","name":"Recherche et D\u00e9veloppement - Eam Srl","isPartOf":{"@id":"https:\/\/eamsrl.it\/#website"},"datePublished":"2024-01-15T14:06:53+00:00","dateModified":"2024-05-07T15:45:32+00:00","breadcrumb":{"@id":"https:\/\/eamsrl.it\/fr\/recherche-et-developpement\/#breadcrumb"},"inLanguage":"fr-FR","potentialAction":[{"@type":"ReadAction","target":["https:\/\/eamsrl.it\/fr\/recherche-et-developpement\/"]}]},{"@type":"BreadcrumbList","@id":"https:\/\/eamsrl.it\/fr\/recherche-et-developpement\/#breadcrumb","itemListElement":[{"@type":"ListItem","position":1,"name":"Home","item":"https:\/\/eamsrl.it\/fr\/page-daccueil\/"},{"@type":"ListItem","position":2,"name":"Recherche et D\u00e9veloppement"}]},{"@type":"WebSite","@id":"https:\/\/eamsrl.it\/#website","url":"https:\/\/eamsrl.it\/","name":"Eam Srl","description":"Beyond the Polishing","publisher":{"@id":"https:\/\/eamsrl.it\/#organization"},"potentialAction":[{"@type":"SearchAction","target":{"@type":"EntryPoint","urlTemplate":"https:\/\/eamsrl.it\/?s={search_term_string}"},"query-input":"required name=search_term_string"}],"inLanguage":"fr-FR"},{"@type":"Organization","@id":"https:\/\/eamsrl.it\/#organization","name":"Eam Srl","url":"https:\/\/eamsrl.it\/","logo":{"@type":"ImageObject","inLanguage":"fr-FR","@id":"https:\/\/eamsrl.it\/#\/schema\/logo\/image\/","url":"https:\/\/eamsrl.it\/wp-content\/uploads\/2023\/10\/eam-logo.png","contentUrl":"https:\/\/eamsrl.it\/wp-content\/uploads\/2023\/10\/eam-logo.png","width":500,"height":213,"caption":"Eam Srl"},"image":{"@id":"https:\/\/eamsrl.it\/#\/schema\/logo\/image\/"},"sameAs":["https:\/\/www.linkedin.com\/company\/eam-lucidatura-metalli\/"]}]}},"_links":{"self":[{"href":"https:\/\/eamsrl.it\/fr\/wp-json\/wp\/v2\/pages\/2494","targetHints":{"allow":["GET"]}}],"collection":[{"href":"https:\/\/eamsrl.it\/fr\/wp-json\/wp\/v2\/pages"}],"about":[{"href":"https:\/\/eamsrl.it\/fr\/wp-json\/wp\/v2\/types\/page"}],"author":[{"embeddable":true,"href":"https:\/\/eamsrl.it\/fr\/wp-json\/wp\/v2\/users\/2"}],"replies":[{"embeddable":true,"href":"https:\/\/eamsrl.it\/fr\/wp-json\/wp\/v2\/comments?post=2494"}],"version-history":[{"count":1,"href":"https:\/\/eamsrl.it\/fr\/wp-json\/wp\/v2\/pages\/2494\/revisions"}],"predecessor-version":[{"id":2496,"href":"https:\/\/eamsrl.it\/fr\/wp-json\/wp\/v2\/pages\/2494\/revisions\/2496"}],"wp:attachment":[{"href":"https:\/\/eamsrl.it\/fr\/wp-json\/wp\/v2\/media?parent=2494"}],"curies":[{"name":"wp","href":"https:\/\/api.w.org\/{rel}","templated":true}]}}